{"id":11,"date":"2016-07-20T16:59:46","date_gmt":"2016-07-20T16:59:46","guid":{"rendered":"http:\/\/demo.hashthemes.com\/total\/?page_id=11"},"modified":"2021-07-19T16:29:59","modified_gmt":"2021-07-19T13:29:59","slug":"about-us","status":"publish","type":"page","link":"https:\/\/corporex.ar\/index.php\/about-us\/","title":{"rendered":"Qui\u00e9nes Somos"},"content":{"rendered":"\t\t<div data-elementor-type=\"wp-page\" data-elementor-id=\"11\" class=\"elementor elementor-11\">\n\t\t\t\t\t\t<section class=\"elementor-section elementor-top-section elementor-element elementor-element-1d42f206 elementor-section-boxed elementor-section-height-default elementor-section-height-default\" data-id=\"1d42f206\" data-element_type=\"section\">\n\t\t\t\t\t\t<div class=\"elementor-container elementor-column-gap-default\">\n\t\t\t\t\t<div class=\"elementor-column elementor-col-100 elementor-top-column elementor-element elementor-element-3e8aad6d\" data-id=\"3e8aad6d\" data-element_type=\"column\">\n\t\t\t<div class=\"elementor-widget-wrap elementor-element-populated\">\n\t\t\t\t\t\t<div class=\"elementor-element elementor-element-188333b6 elementor-widget elementor-widget-text-editor\" data-id=\"188333b6\" data-element_type=\"widget\" data-widget_type=\"text-editor.default\">\n\t\t\t\t<div class=\"elementor-widget-container\">\n\t\t\t\t\t\t\t\t\t<p>Somos una empresa proveedora de productos y servicios de alivio de tensiones de soldaduras, calefactores industriales, detectores de gas monitoreados y energ\u00eda para sitios remotos. Atendemos las necesidades de las empresas l\u00edderes en el rubro petr\u00f3leo, gas, energ\u00eda y telecomunicaciones. Nuestra fortaleza est\u00e1 en el servicio, la adaptabilidad a los cambios, el trabajo en equipo, la capacitaci\u00f3n permanente y la mejora continua. Nuestro plantel est\u00e1 formado por Ingenieros y T\u00e9cnicos con una fuerte vocaci\u00f3n de servicio.<\/p>\n<p>Corporex S.A. fue fundada en 1979, comenzando con servicios de asesoramiento y direcci\u00f3n empresaria, incorporando luego servicios de tratamiento t\u00e9rmico y comercializaci\u00f3n de productos industriales especiales. Hemos provisto nuestros productos y servicios a la mayor\u00eda de las principales compa\u00f1\u00edas petroleras, generadoras de energ\u00eda, petroqu\u00edmicas y de telecomunicaciones, como tambi\u00e9n a sus contratistas e integradores, siendo proveedores regulares o exclusivos de muchas de ellas.&nbsp;<\/p>\n<p>Colaboramos regularmente con el Hogar de Atenci\u00f3n Especializada Fundaci\u00f3n Vivencia, organizaci\u00f3n sin fines de lucro para asistencia a j\u00f3venes v\u00edctimas de violencia familiar.<\/p>\n<p>Pueden seguir nuestras novedades y publicaciones en LinkedIn y Facebook:<\/p>\n<ul>\n<li><a href=\"https:\/\/www.linkedin.com\/company\/corporex-s-a\" target=\"_blank\">https:\/\/www.linkedin.com\/company\/corporex-s-a<\/a><\/li>\n<li><a href=\"https:\/\/www.facebook.com\/Corporex-SA-101820868448665\/\" target=\"_blank\">https:\/\/www.facebook.com\/Corporex-SA-101820868448665\/<\/a><\/li>\n<\/ul>\n<p><\/p>\n<p>&nbsp;<\/p>\n<p><\/p>\t\t\t\t\t\t\t\t<\/div>\n\t\t\t\t<\/div>\n\t\t\t\t\t<\/div>\n\t\t<\/div>\n\t\t\t\t\t<\/div>\n\t\t<\/section>\n\t\t\t\t<\/div>\n\t\t","protected":false},"excerpt":{"rendered":"<p>Elit scripta volumus cu vim, cum no vidit prodesset interesset. Mollis legendos ne est, ex pri latine euismod apeirian. Nec molestie senserit an, eos no eirmod salutatus.<\/p>\n<p>Pro mucius everti ponderum at, vix reque scaevola eu. Ex nam veniam munere, at dico dictas mei. Ius ei assum assueverit. Nam ut assum nominavi.<\/p>\n","protected":false},"author":3,"featured_media":0,"parent":0,"menu_order":0,"comment_status":"closed","ping_status":"closed","template":"","meta":{"footnotes":""},"class_list":["post-11","page","type-page","status-publish","hentry"],"_links":{"self":[{"href":"https:\/\/corporex.ar\/index.php\/wp-json\/wp\/v2\/pages\/11","targetHints":{"allow":["GET"]}}],"collection":[{"href":"https:\/\/corporex.ar\/index.php\/wp-json\/wp\/v2\/pages"}],"about":[{"href":"https:\/\/corporex.ar\/index.php\/wp-json\/wp\/v2\/types\/page"}],"author":[{"embeddable":true,"href":"https:\/\/corporex.ar\/index.php\/wp-json\/wp\/v2\/users\/3"}],"replies":[{"embeddable":true,"href":"https:\/\/corporex.ar\/index.php\/wp-json\/wp\/v2\/comments?post=11"}],"version-history":[{"count":15,"href":"https:\/\/corporex.ar\/index.php\/wp-json\/wp\/v2\/pages\/11\/revisions"}],"predecessor-version":[{"id":2569,"href":"https:\/\/corporex.ar\/index.php\/wp-json\/wp\/v2\/pages\/11\/revisions\/2569"}],"wp:attachment":[{"href":"https:\/\/corporex.ar\/index.php\/wp-json\/wp\/v2\/media?parent=11"}],"curies":[{"name":"wp","href":"https:\/\/api.w.org\/{rel}","templated":true}]}}