{"id":2027,"date":"2020-11-30T21:24:45","date_gmt":"2020-11-30T18:24:45","guid":{"rendered":"http:\/\/corporex.ar\/?page_id=2027"},"modified":"2023-05-30T15:34:18","modified_gmt":"2023-05-30T12:34:18","slug":"instalaciones-electricas-temporarias","status":"publish","type":"page","link":"https:\/\/corporex.ar\/index.php\/instalaciones-electricas-temporarias\/","title":{"rendered":"Mantas Calefactoras Powerblanket"},"content":{"rendered":"\t\t<div data-elementor-type=\"wp-page\" data-elementor-id=\"2027\" class=\"elementor elementor-2027\">\n\t\t\t\t\t\t<section class=\"elementor-section elementor-top-section elementor-element elementor-element-675bf81 elementor-section-boxed elementor-section-height-default elementor-section-height-default\" data-id=\"675bf81\" data-element_type=\"section\">\n\t\t\t\t\t\t<div class=\"elementor-container elementor-column-gap-default\">\n\t\t\t\t\t<div class=\"elementor-column elementor-col-100 elementor-top-column elementor-element elementor-element-7633e3a4\" data-id=\"7633e3a4\" data-element_type=\"column\">\n\t\t\t<div class=\"elementor-widget-wrap elementor-element-populated\">\n\t\t\t\t\t\t<div class=\"elementor-element elementor-element-288a50d5 elementor-position-top elementor-widget elementor-widget-image-box\" data-id=\"288a50d5\" data-element_type=\"widget\" data-widget_type=\"image-box.default\">\n\t\t\t\t<div class=\"elementor-widget-container\">\n\t\t\t\t\t<div class=\"elementor-image-box-wrapper\"><figure class=\"elementor-image-box-img\"><img decoding=\"async\" width=\"300\" height=\"37\" src=\"https:\/\/corporex.ar\/wp-content\/uploads\/2023\/04\/logo.svg\" class=\"attachment-medium size-medium wp-image-3178\" alt=\"\" \/><\/figure><\/div>\t\t\t\t<\/div>\n\t\t\t\t<\/div>\n\t\t\t\t<div class=\"elementor-element elementor-element-97243c8 elementor-widget elementor-widget-heading\" data-id=\"97243c8\" data-element_type=\"widget\" data-widget_type=\"heading.default\">\n\t\t\t\t<div class=\"elementor-widget-container\">\n\t\t\t\t\t<h2 class=\"elementor-heading-title elementor-size-medium\"><a href=\"https:\/\/www.powerblanket.com\/\" target=\"_blank\">Soluciones Industriales de Calentamiento - Powerblanket<\/a><\/h2>\t\t\t\t<\/div>\n\t\t\t\t<\/div>\n\t\t\t\t\t<\/div>\n\t\t<\/div>\n\t\t\t\t\t<\/div>\n\t\t<\/section>\n\t\t\t\t<section class=\"elementor-section elementor-top-section elementor-element elementor-element-3f113da5 elementor-section-boxed elementor-section-height-default elementor-section-height-default\" data-id=\"3f113da5\" data-element_type=\"section\">\n\t\t\t\t\t\t<div class=\"elementor-container elementor-column-gap-default\">\n\t\t\t\t\t<div class=\"elementor-column elementor-col-100 elementor-top-column elementor-element elementor-element-31bd8cc\" data-id=\"31bd8cc\" data-element_type=\"column\">\n\t\t\t<div class=\"elementor-widget-wrap elementor-element-populated\">\n\t\t\t\t\t\t<div class=\"elementor-element elementor-element-192d45f elementor-widget-divider--view-line elementor-widget elementor-widget-divider\" data-id=\"192d45f\" data-element_type=\"widget\" data-widget_type=\"divider.default\">\n\t\t\t\t<div class=\"elementor-widget-container\">\n\t\t\t\t\t\t\t<div class=\"elementor-divider\">\n\t\t\t<span class=\"elementor-divider-separator\">\n\t\t\t\t\t\t<\/span>\n\t\t<\/div>\n\t\t\t\t\t\t<\/div>\n\t\t\t\t<\/div>\n\t\t\t\t\t<\/div>\n\t\t<\/div>\n\t\t\t\t\t<\/div>\n\t\t<\/section>\n\t\t\t\t<section class=\"elementor-section elementor-top-section elementor-element elementor-element-4863c4a elementor-section-boxed elementor-section-height-default elementor-section-height-default\" data-id=\"4863c4a\" data-element_type=\"section\">\n\t\t\t\t\t\t<div class=\"elementor-container elementor-column-gap-default\">\n\t\t\t\t\t<div class=\"elementor-column elementor-col-100 elementor-top-column elementor-element elementor-element-e2a57a0\" data-id=\"e2a57a0\" data-element_type=\"column\">\n\t\t\t<div class=\"elementor-widget-wrap elementor-element-populated\">\n\t\t\t\t\t\t<div class=\"elementor-element elementor-element-4c9003c elementor-widget elementor-widget-text-editor\" data-id=\"4c9003c\" data-element_type=\"widget\" data-widget_type=\"text-editor.default\">\n\t\t\t\t<div class=\"elementor-widget-container\">\n\t\t\t\t\t\t\t\t\t<p>\u00a0<\/p><p>Powerblanket es el l\u00edder en soluciones de calefacci\u00f3n industrial. Ya sea que necesite nuestras mantas t\u00e9rmicas de tambor aisladas listas para enviar, calentadores de bolsas ibc y calentadores de material a granel, o si necesita una soluci\u00f3n personalizada, tenemos la soluci\u00f3n de calefacci\u00f3n industrial para usted. Desde la protecci\u00f3n contra congelamiento hasta el calentamiento de procesos, Powerblanket lo tiene cubierto.<\/p><ul><li>Control de temperatura de contenedores.<\/li><li>Protecci\u00f3n contra el congelamiento.<\/li><li>Permite el control de flujo y viscosidad.<\/li><li>Curado de materiales compuestos y Epoxi.<\/li><li>Curado de hormigones.<\/li><li>Aplicaciones en la industria qu\u00edmica. y petrolera.<\/li><li>Calentamiento de cilindros de gas.<\/li><li>Control preciso de temperatura.<\/li><\/ul><p><a href=\"https:\/\/corporex.ar\/wp-content\/uploads\/2023\/05\/PowerBlanket-Catalog-230315-cx_lb.pdf\" target=\"_blank\" rel=\"noopener\"><span style=\"color: #3366ff;\">Catalogo de productos<\/span><\/a><\/p><p>Para m\u00e1s informaci\u00f3n cont\u00e1ctenos o visite <span style=\"color: #3366ff;\"><a style=\"color: #3366ff;\" href=\"https:\/\/www.powerblanket.com\/\" target=\"_blank\" rel=\"noopener\">https:\/\/www.powerblanket.com\/<\/a><\/span><\/p>\t\t\t\t\t\t\t\t<\/div>\n\t\t\t\t<\/div>\n\t\t\t\t<div class=\"elementor-element elementor-element-544b35b4 elementor-widget-divider--view-line_text elementor-widget-divider--element-align-center elementor-widget elementor-widget-divider\" data-id=\"544b35b4\" data-element_type=\"widget\" data-widget_type=\"divider.default\">\n\t\t\t\t<div class=\"elementor-widget-container\">\n\t\t\t\t\t\t\t<div class=\"elementor-divider\">\n\t\t\t<span class=\"elementor-divider-separator\">\n\t\t\t\t\t\t<\/span>\n\t\t<\/div>\n\t\t\t\t\t\t<\/div>\n\t\t\t\t<\/div>\n\t\t\t\t<div class=\"elementor-element elementor-element-5766562 elementor-widget-divider--view-line elementor-widget elementor-widget-divider\" data-id=\"5766562\" data-element_type=\"widget\" data-widget_type=\"divider.default\">\n\t\t\t\t<div class=\"elementor-widget-container\">\n\t\t\t\t\t\t\t<div class=\"elementor-divider\">\n\t\t\t<span class=\"elementor-divider-separator\">\n\t\t\t\t\t\t<\/span>\n\t\t<\/div>\n\t\t\t\t\t\t<\/div>\n\t\t\t\t<\/div>\n\t\t\t\t\t<\/div>\n\t\t<\/div>\n\t\t\t\t\t<\/div>\n\t\t<\/section>\n\t\t\t\t<section class=\"elementor-section elementor-top-section elementor-element elementor-element-1c8fad3 elementor-section-boxed elementor-section-height-default elementor-section-height-default\" data-id=\"1c8fad3\" data-element_type=\"section\">\n\t\t\t\t\t\t<div class=\"elementor-container elementor-column-gap-default\">\n\t\t\t\t\t<div class=\"elementor-column elementor-col-100 elementor-top-column elementor-element elementor-element-ab76b45\" data-id=\"ab76b45\" data-element_type=\"column\">\n\t\t\t<div class=\"elementor-widget-wrap elementor-element-populated\">\n\t\t\t\t\t\t<div class=\"elementor-element elementor-element-dad272d elementor-widget elementor-widget-image-gallery\" data-id=\"dad272d\" data-element_type=\"widget\" data-widget_type=\"image-gallery.default\">\n\t\t\t\t<div class=\"elementor-widget-container\">\n\t\t\t\t\t\t\t<div class=\"elementor-image-gallery\">\n\t\t\t<div id='gallery-1' class='gallery galleryid-2027 gallery-columns-2 gallery-size-thumbnail'><figure class='gallery-item'>\n\t\t\t<div class='gallery-icon landscape'>\n\t\t\t\t<a data-elementor-open-lightbox=\"yes\" data-elementor-lightbox-slideshow=\"dad272d\" data-elementor-lightbox-title=\"Powerblanket\" data-e-action-hash=\"#elementor-action%3Aaction%3Dlightbox%26settings%3DeyJpZCI6MzIxMywidXJsIjoiaHR0cHM6XC9cL2NvcnBvcmV4LmFyXC93cC1jb250ZW50XC91cGxvYWRzXC8yMDIzXC8wNVwvUG93ZXJibGFua2V0LmpwZyIsInNsaWRlc2hvdyI6ImRhZDI3MmQifQ%3D%3D\" href='https:\/\/corporex.ar\/wp-content\/uploads\/2023\/05\/Powerblanket.jpg'><img decoding=\"async\" width=\"150\" height=\"123\" src=\"https:\/\/corporex.ar\/wp-content\/uploads\/2023\/05\/Powerblanket.jpg\" class=\"attachment-thumbnail size-thumbnail\" alt=\"\" \/><\/a>\n\t\t\t<\/div><\/figure><figure class='gallery-item'>\n\t\t\t<div class='gallery-icon landscape'>\n\t\t\t\t<a data-elementor-open-lightbox=\"yes\" data-elementor-lightbox-slideshow=\"dad272d\" data-elementor-lightbox-title=\"custom-large-tank-heater\" data-e-action-hash=\"#elementor-action%3Aaction%3Dlightbox%26settings%3DeyJpZCI6MzIyMiwidXJsIjoiaHR0cHM6XC9cL2NvcnBvcmV4LmFyXC93cC1jb250ZW50XC91cGxvYWRzXC8yMDIzXC8wNVwvY3VzdG9tLWxhcmdlLXRhbmstaGVhdGVyLmpwZyIsInNsaWRlc2hvdyI6ImRhZDI3MmQifQ%3D%3D\" href='https:\/\/corporex.ar\/wp-content\/uploads\/2023\/05\/custom-large-tank-heater.jpg'><img decoding=\"async\" width=\"150\" height=\"113\" src=\"https:\/\/corporex.ar\/wp-content\/uploads\/2023\/05\/custom-large-tank-heater.jpg\" class=\"attachment-thumbnail size-thumbnail\" alt=\"\" \/><\/a>\n\t\t\t<\/div><\/figure>\n\t\t<\/div>\n\t\t<\/div>\n\t\t\t\t\t\t<\/div>\n\t\t\t\t<\/div>\n\t\t\t\t\t<\/div>\n\t\t<\/div>\n\t\t\t\t\t<\/div>\n\t\t<\/section>\n\t\t\t\t<\/div>\n\t\t","protected":false},"excerpt":{"rendered":"<p>Soluciones Industriales de Calentamiento &#8211; Powerblanket \u00a0 Powerblanket es el l\u00edder en soluciones de calefacci\u00f3n industrial. Ya sea que necesite nuestras mantas t\u00e9rmicas de tambor aisladas listas para enviar, calentadores de bolsas ibc y calentadores de material a granel, o si necesita una soluci\u00f3n personalizada, tenemos la soluci\u00f3n de calefacci\u00f3n industrial para usted. Desde la [&hellip;]<\/p>\n","protected":false},"author":3,"featured_media":0,"parent":0,"menu_order":0,"comment_status":"closed","ping_status":"closed","template":"","meta":{"footnotes":""},"class_list":["post-2027","page","type-page","status-publish","hentry"],"_links":{"self":[{"href":"https:\/\/corporex.ar\/index.php\/wp-json\/wp\/v2\/pages\/2027","targetHints":{"allow":["GET"]}}],"collection":[{"href":"https:\/\/corporex.ar\/index.php\/wp-json\/wp\/v2\/pages"}],"about":[{"href":"https:\/\/corporex.ar\/index.php\/wp-json\/wp\/v2\/types\/page"}],"author":[{"embeddable":true,"href":"https:\/\/corporex.ar\/index.php\/wp-json\/wp\/v2\/users\/3"}],"replies":[{"embeddable":true,"href":"https:\/\/corporex.ar\/index.php\/wp-json\/wp\/v2\/comments?post=2027"}],"version-history":[{"count":132,"href":"https:\/\/corporex.ar\/index.php\/wp-json\/wp\/v2\/pages\/2027\/revisions"}],"predecessor-version":[{"id":3355,"href":"https:\/\/corporex.ar\/index.php\/wp-json\/wp\/v2\/pages\/2027\/revisions\/3355"}],"wp:attachment":[{"href":"https:\/\/corporex.ar\/index.php\/wp-json\/wp\/v2\/media?parent=2027"}],"curies":[{"name":"wp","href":"https:\/\/api.w.org\/{rel}","templated":true}]}}